{"id":15,"date":"2023-09-22T20:35:42","date_gmt":"2023-09-22T18:35:42","guid":{"rendered":"https:\/\/khd.hu\/?page_id=15"},"modified":"2023-10-30T14:38:50","modified_gmt":"2023-10-30T13:38:50","slug":"fotozas","status":"publish","type":"page","link":"https:\/\/khd.hu\/?page_id=15","title":{"rendered":"Fot\u00f3z\u00e1s"},"content":{"rendered":"\n<h2 class=\"wp-block-heading\">Nyomtat\u00e1sban<\/h2>\n\n\n\n<ul class=\"wp-block-list\">\n<li><a href=\"https:\/\/www.media-press.hu\/naptarfoto2023\/\" target=\"_blank\" rel=\"noopener\" title=\"\">Napt\u00e1rfot\u00f3-p\u00e1ly\u00e1zat<\/a>, 2023<\/li>\n\n\n\n<li>Fot\u00f3vil\u00e1g 2007, D2 Fot\u00f3st\u00fadi\u00f3, szerkeszt\u0151: Kup\u00e1s Ildik\u00f3<\/li>\n\n\n\n<li>Fot\u00f3vil\u00e1g 2009, D\u00e9k\u00e1n St\u00fadi\u00f3 Kft., szerkeszt\u0151: Kup\u00e1s Ildik\u00f3<\/li>\n<\/ul>\n\n\n\n<h2 class=\"wp-block-heading\">Online<\/h2>\n\n\n\n<ul class=\"wp-block-list\">\n<li><a href=\"https:\/\/issuu.com\/emerson_review\/docs\/emerson_review_2022_master_for_online\" target=\"_blank\" rel=\"noopener\" title=\"\">Emerson Review Volume 51<\/a>, 2022, 32. oldal<\/li>\n\n\n\n<li><strong><a href=\"https:\/\/ng.24.hu\/foto\/a-nap-kepe\/2021\/11\/29\/hajnal-a-toti-hegyen\/\" target=\"_blank\" rel=\"noopener\" title=\"\">A nap k\u00e9pe: Hajnal a T\u00f3ti-hegyen<\/a><\/strong>, National Geographic Magazin Magyarorsz\u00e1g<\/li>\n\n\n\n<li><a href=\"https:\/\/epam.blog.hu\/2020\/05\/06\/epam_galeria_epamosok_a_kamera_mogott\" target=\"_blank\" rel=\"noopener\" title=\"\">EPAM Gal\u00e9ria &#8211; EPAMosok, a kamera m\u00f6g\u00f6tt #2<\/a>, 2020<\/li>\n\n\n\n<li><a href=\"https:\/\/www.facebook.com\/Epam.Hungary\/posts\/pfbid0kCk93ffepJzgCKh5tQ4K2KySVpr9mcH87K5jD8wxU5FebH4Ue5EyAn2rfTNs2EL8l\" target=\"_blank\" rel=\"noopener\" title=\"\">EPAM Gal\u00e9ria, Kaz\u00f3-Horv\u00e1th D\u00f3ra term\u00e9szetfot\u00f3i<\/a>, 2020<\/li>\n\n\n\n<li><a href=\"http:\/\/www.feher-to.hu\/index.php\/fotopalyazat-2019\/az-alfold-madara\" target=\"_blank\" rel=\"noopener\" title=\"\">Az alf\u00f6ld madara<\/a>, 2019<\/li>\n<\/ul>\n\n\n\n<h2 class=\"wp-block-heading\">D\u00edjak<\/h2>\n\n\n\n<p><\/p>\n\n\n\n<h2 class=\"wp-block-heading\">Linkek<\/h2>\n\n\n\n<ul class=\"wp-block-list\">\n<li>Fot\u00f3im az <a href=\"https:\/\/www.idokep.hu\/keptar\/user\/kazohorvathdora\" target=\"_blank\" rel=\"noopener\" title=\"\">Id\u0151k\u00e9p oldal\u00e1n<\/a><\/li>\n\n\n\n<li>Instagram <a href=\"https:\/\/www.instagram.com\/kazohorvath\/\" target=\"_blank\" rel=\"noopener\" title=\"\">@kazohorvath<\/a><\/li>\n\n\n\n<li>Facebook <a href=\"https:\/\/www.facebook.com\/KazoHorvathPhotography\/\" target=\"_blank\" rel=\"noopener\" title=\"\">Kaz\u00f3-Horv\u00e1th D\u00f3ra Photo<\/a><\/li>\n<\/ul>\n\n\n\n<h2 class=\"wp-block-heading\">Gal\u00e9ria<\/h2>\n\n\n<div  id=\"jtg-80\" class=\"modula modula-gallery modula-creative-gallery\" data-config=\"{&quot;height&quot;:800,&quot;tabletHeight&quot;:800,&quot;mobileHeight&quot;:800,&quot;desktopHeight&quot;:800,&quot;enableTwitter&quot;:false,&quot;enableWhatsapp&quot;:false,&quot;enableFacebook&quot;:false,&quot;enablePinterest&quot;:false,&quot;enableLinkedin&quot;:false,&quot;enableEmail&quot;:false,&quot;randomFactor&quot;:0.5,&quot;type&quot;:&quot;creative-gallery&quot;,&quot;columns&quot;:12,&quot;gutter&quot;:10,&quot;mobileGutter&quot;:10,&quot;tabletGutter&quot;:10,&quot;desktopGutter&quot;:10,&quot;enableResponsive&quot;:&quot;0&quot;,&quot;tabletColumns&quot;:&quot;2&quot;,&quot;mobileColumns&quot;:&quot;1&quot;,&quot;lazyLoad&quot;:0,&quot;lightboxOpts&quot;:{&quot;animated&quot;:true,&quot;Thumbs&quot;:{&quot;type&quot;:&quot;modern&quot;,&quot;showOnStart&quot;:false},&quot;Toolbar&quot;:{&quot;display&quot;:{&quot;right&quot;:[&quot;close&quot;]},&quot;enabled&quot;:true},&quot;Carousel&quot;:{&quot;Panzoom&quot;:{&quot;touch&quot;:true},&quot;infinite&quot;:false},&quot;keyboard&quot;:{&quot;Escape&quot;:&quot;close&quot;,&quot;Delete&quot;:&quot;close&quot;,&quot;Backspace&quot;:&quot;close&quot;,&quot;PageUp&quot;:false,&quot;PageDown&quot;:false,&quot;ArrowUp&quot;:false,&quot;ArrowDown&quot;:false,&quot;ArrowRight&quot;:false,&quot;ArrowLeft&quot;:false},&quot;touch&quot;:false,&quot;backdropClick&quot;:false,&quot;l10n&quot;:{&quot;CLOSE&quot;:&quot;Close&quot;,&quot;NEXT&quot;:&quot;Next&quot;,&quot;PREV&quot;:&quot;Previous&quot;,&quot;Error&quot;:&quot;The requested content cannot be loaded. Please try again later.&quot;,&quot;PLAY_START&quot;:&quot;Start slideshow&quot;,&quot;PLAY_STOP&quot;:&quot;Pause slideshow&quot;,&quot;FULL_SCREEN&quot;:&quot;Full screen&quot;,&quot;THUMBS&quot;:&quot;Thumbnails&quot;,&quot;DOWNLOAD&quot;:&quot;Download&quot;,&quot;SHARE&quot;:&quot;Share&quot;,&quot;ZOOM&quot;:&quot;Zoom&quot;,&quot;EMAIL&quot;:&quot;Here is the link to the image : %%image_link%% and this is the link to the gallery : %%gallery_link%%&quot;,&quot;MODAL&quot;:&quot;You can close this modal content with the ESC key&quot;,&quot;ERROR&quot;:&quot;Something Went Wrong, Please Try Again Later&quot;,&quot;IMAGE_ERROR&quot;:&quot;Image Not Found&quot;,&quot;ELEMENT_NOT_FOUND&quot;:&quot;HTML Element Not Found&quot;,&quot;AJAX_NOT_FOUND&quot;:&quot;Error Loading AJAX : Not Found&quot;,&quot;AJAX_FORBIDDEN&quot;:&quot;Error Loading AJAX : Forbidden&quot;,&quot;IFRAME_ERROR&quot;:&quot;Error Loading Page&quot;,&quot;TOGGLE_ZOOM&quot;:&quot;Toggle zoom level&quot;,&quot;TOGGLE_THUMBS&quot;:&quot;Toggle thumbnails&quot;,&quot;TOGGLE_SLIDESHOW&quot;:&quot;Toggle slideshow&quot;,&quot;TOGGLE_FULLSCREEN&quot;:&quot;Toggle full-screen mode&quot;},&quot;Images&quot;:{&quot;Panzoom&quot;:{&quot;maxScale&quot;:2}},&quot;mainClass&quot;:&quot;modula-fancybox-container modula-lightbox-jtg-80&quot;,&quot;Html&quot;:{&quot;videoAutoplay&quot;:0,&quot;videoTpl&quot;:&quot;&lt;video class=\\&quot;fancybox__html5video\\&quot; controls muted playsinline controlsList controlsList=\\&quot;nodownload\\&quot; poster=\\&quot;{{poster}}\\&quot; src=\\&quot;{{src}}\\&quot; type=\\&quot;{{format}}\\&quot; &gt;  Sorry, your browser doesn&#039;t support embedded videos, &lt;a href=\\&quot;{{src}}\\&quot;&gt; download &lt;\\\/a&gt; and watch with your favorite video player! &lt;\\\/video&gt;&quot;}},&quot;inView&quot;:false,&quot;email_subject&quot;:&quot;Check out this awesome image !!&quot;,&quot;email_message&quot;:&quot;Here is the link to the image : %%image_link%% and this is the link to the gallery : %%gallery_link%%&quot;,&quot;lightbox&quot;:&quot;fancybox&quot;}\">\n\n\t\n\t<div  class=\"modula-items\">\n\t\t<div class=\"modula-item effect-pufrobo\" >\n\t<div class=\"modula-item-overlay\"><\/div>\n\n\t<div class=\"modula-item-content\">\n\n\t\t<a data-image-id=\"85\" role=\"button\" tabindex=\"0\" rel=\"jtg-80\" data-caption=\"\" aria-label=\"Open image in lightbox\" class=\"tile-inner modula-item-link\"><\/a><img loading=\"lazy\" decoding=\"async\" class=\"pic wp-image-85\"  data-valign=\"middle\" data-halign=\"center\" alt=\"\" data-full=\"https:\/\/khd.hu\/wp-content\/uploads\/2023\/10\/fotovilag2009-1.jpg\" title=\"fotovilag2009\" crop=\"\" width=\"296\" height=\"300\" src=\"https:\/\/khd.hu\/wp-content\/uploads\/2023\/10\/fotovilag2009-1-296x300.jpg\" data-src=\"https:\/\/khd.hu\/wp-content\/uploads\/2023\/10\/fotovilag2009-1-296x300.jpg\" data-caption=\"\" srcset=\"https:\/\/khd.hu\/wp-content\/uploads\/2023\/10\/fotovilag2009-1.jpg 493w, https:\/\/khd.hu\/wp-content\/uploads\/2023\/10\/fotovilag2009-1-296x300.jpg 296w, https:\/\/khd.hu\/wp-content\/uploads\/2023\/10\/fotovilag2009-1-300x304.jpg 300w\" sizes=\"auto, (max-width: 296px) 100vw, 296px\" \/>\n\t\t<div class=\"figc no-description\">\n\t\t\t<div class=\"figc-inner\">\n\t\t\t\t\t\t\t\t\t\t\t\t\t\t\t<\/div>\n\t\t<\/div>\n\n\t<\/div>\n\n<\/div><div class=\"modula-item effect-pufrobo\" >\n\t<div class=\"modula-item-overlay\"><\/div>\n\n\t<div class=\"modula-item-content\">\n\n\t\t<a data-image-id=\"84\" role=\"button\" tabindex=\"0\" rel=\"jtg-80\" data-caption=\"\" aria-label=\"Open image in lightbox\" class=\"tile-inner modula-item-link\"><\/a><img loading=\"lazy\" decoding=\"async\" class=\"pic wp-image-84\"  data-valign=\"middle\" data-halign=\"center\" alt=\"\" data-full=\"https:\/\/khd.hu\/wp-content\/uploads\/2023\/10\/Fotovilag-2009-1.jpg\" title=\"Fot\u00f3vil\u00e1g 2009\" crop=\"\" width=\"298\" height=\"300\" src=\"https:\/\/khd.hu\/wp-content\/uploads\/2023\/10\/Fotovilag-2009-1-298x300.jpg\" data-src=\"https:\/\/khd.hu\/wp-content\/uploads\/2023\/10\/Fotovilag-2009-1-298x300.jpg\" data-caption=\"\" srcset=\"https:\/\/khd.hu\/wp-content\/uploads\/2023\/10\/Fotovilag-2009-1.jpg 600w, https:\/\/khd.hu\/wp-content\/uploads\/2023\/10\/Fotovilag-2009-1-298x300.jpg 298w, https:\/\/khd.hu\/wp-content\/uploads\/2023\/10\/Fotovilag-2009-1-150x150.jpg 150w, https:\/\/khd.hu\/wp-content\/uploads\/2023\/10\/Fotovilag-2009-1-300x302.jpg 300w\" sizes=\"auto, (max-width: 298px) 100vw, 298px\" \/>\n\t\t<div class=\"figc no-description\">\n\t\t\t<div class=\"figc-inner\">\n\t\t\t\t\t\t\t\t\t\t\t\t\t\t\t<\/div>\n\t\t<\/div>\n\n\t<\/div>\n\n<\/div><div class=\"modula-item effect-pufrobo\" >\n\t<div class=\"modula-item-overlay\"><\/div>\n\n\t<div class=\"modula-item-content\">\n\n\t\t<a data-image-id=\"82\" role=\"button\" tabindex=\"0\" rel=\"jtg-80\" data-caption=\"\" aria-label=\"Open image in lightbox\" class=\"tile-inner modula-item-link\"><\/a><img loading=\"lazy\" decoding=\"async\" class=\"pic wp-image-82\"  data-valign=\"middle\" data-halign=\"center\" alt=\"\" data-full=\"https:\/\/khd.hu\/wp-content\/uploads\/2023\/10\/Fotovilag-2007-dark-1.jpg\" title=\"Fot\u00f3vil\u00e1g 2007 dark\" crop=\"\" width=\"300\" height=\"300\" src=\"https:\/\/khd.hu\/wp-content\/uploads\/2023\/10\/Fotovilag-2007-dark-1-300x300.jpg\" data-src=\"https:\/\/khd.hu\/wp-content\/uploads\/2023\/10\/Fotovilag-2007-dark-1-300x300.jpg\" data-caption=\"\" srcset=\"https:\/\/khd.hu\/wp-content\/uploads\/2023\/10\/Fotovilag-2007-dark-1-300x300.jpg 300w, https:\/\/khd.hu\/wp-content\/uploads\/2023\/10\/Fotovilag-2007-dark-1-150x150.jpg 150w\" sizes=\"auto, (max-width: 300px) 100vw, 300px\" \/>\n\t\t<div class=\"figc no-description\">\n\t\t\t<div class=\"figc-inner\">\n\t\t\t\t\t\t\t\t\t\t\t\t\t\t\t<\/div>\n\t\t<\/div>\n\n\t<\/div>\n\n<\/div><div class=\"modula-item effect-pufrobo\" >\n\t<div class=\"modula-item-overlay\"><\/div>\n\n\t<div class=\"modula-item-content\">\n\n\t\t<a data-image-id=\"86\" role=\"button\" tabindex=\"0\" rel=\"jtg-80\" data-caption=\"\" aria-label=\"Open image in lightbox\" class=\"tile-inner modula-item-link\"><\/a><img loading=\"lazy\" decoding=\"async\" class=\"pic wp-image-86\"  data-valign=\"middle\" data-halign=\"center\" alt=\"\" data-full=\"https:\/\/khd.hu\/wp-content\/uploads\/2023\/10\/fotovilag2017-1.jpg\" title=\"fotovilag2017\" crop=\"\" width=\"300\" height=\"146\" src=\"https:\/\/khd.hu\/wp-content\/uploads\/2023\/10\/fotovilag2017-1-300x146.jpg\" data-src=\"https:\/\/khd.hu\/wp-content\/uploads\/2023\/10\/fotovilag2017-1-300x146.jpg\" data-caption=\"\" srcset=\"https:\/\/khd.hu\/wp-content\/uploads\/2023\/10\/fotovilag2017-1.jpg 900w, https:\/\/khd.hu\/wp-content\/uploads\/2023\/10\/fotovilag2017-1-300x146.jpg 300w, https:\/\/khd.hu\/wp-content\/uploads\/2023\/10\/fotovilag2017-1-768x374.jpg 768w, https:\/\/khd.hu\/wp-content\/uploads\/2023\/10\/fotovilag2017-1-850x414.jpg 850w\" sizes=\"auto, (max-width: 300px) 100vw, 300px\" \/>\n\t\t<div class=\"figc no-description\">\n\t\t\t<div class=\"figc-inner\">\n\t\t\t\t\t\t\t\t\t\t\t\t\t\t\t<\/div>\n\t\t<\/div>\n\n\t<\/div>\n\n<\/div><div class=\"modula-item effect-pufrobo\" >\n\t<div class=\"modula-item-overlay\"><\/div>\n\n\t<div class=\"modula-item-content\">\n\n\t\t<a data-image-id=\"83\" role=\"button\" tabindex=\"0\" rel=\"jtg-80\" data-caption=\"\" aria-label=\"Open image in lightbox\" class=\"tile-inner modula-item-link\"><\/a><img loading=\"lazy\" decoding=\"async\" class=\"pic wp-image-83\"  data-valign=\"middle\" data-halign=\"center\" alt=\"\" data-full=\"https:\/\/khd.hu\/wp-content\/uploads\/2023\/10\/Fotovilag-2007-1.jpg\" title=\"Fot\u00f3vil\u00e1g 2007\" crop=\"\" width=\"300\" height=\"300\" src=\"https:\/\/khd.hu\/wp-content\/uploads\/2023\/10\/Fotovilag-2007-1-300x300.jpg\" data-src=\"https:\/\/khd.hu\/wp-content\/uploads\/2023\/10\/Fotovilag-2007-1-300x300.jpg\" data-caption=\"\" srcset=\"https:\/\/khd.hu\/wp-content\/uploads\/2023\/10\/Fotovilag-2007-1-300x300.jpg 300w, https:\/\/khd.hu\/wp-content\/uploads\/2023\/10\/Fotovilag-2007-1-150x150.jpg 150w\" sizes=\"auto, (max-width: 300px) 100vw, 300px\" \/>\n\t\t<div class=\"figc no-description\">\n\t\t\t<div class=\"figc-inner\">\n\t\t\t\t\t\t\t\t\t\t\t\t\t\t\t<\/div>\n\t\t<\/div>\n\n\t<\/div>\n\n<\/div><div class=\"modula-item effect-pufrobo\" >\n\t<div class=\"modula-item-overlay\"><\/div>\n\n\t<div class=\"modula-item-content\">\n\n\t\t<a data-image-id=\"87\" role=\"button\" tabindex=\"0\" rel=\"jtg-80\" data-caption=\"\" aria-label=\"Open image in lightbox\" class=\"tile-inner modula-item-link\"><\/a><img loading=\"lazy\" decoding=\"async\" class=\"pic wp-image-87\"  data-valign=\"middle\" data-halign=\"center\" alt=\"\" data-full=\"https:\/\/khd.hu\/wp-content\/uploads\/2023\/10\/MAFOSZ-Utazas-a-vilag-korul-2011-1.jpg\" title=\"MAFOSZ Utaz\u00e1s a vil\u00e1g k\u00f6r\u00fcl 2011\" crop=\"\" width=\"300\" height=\"200\" src=\"https:\/\/khd.hu\/wp-content\/uploads\/2023\/10\/MAFOSZ-Utazas-a-vilag-korul-2011-1-300x200.jpg\" data-src=\"https:\/\/khd.hu\/wp-content\/uploads\/2023\/10\/MAFOSZ-Utazas-a-vilag-korul-2011-1-300x200.jpg\" data-caption=\"\" srcset=\"https:\/\/khd.hu\/wp-content\/uploads\/2023\/10\/MAFOSZ-Utazas-a-vilag-korul-2011-1.jpg 800w, https:\/\/khd.hu\/wp-content\/uploads\/2023\/10\/MAFOSZ-Utazas-a-vilag-korul-2011-1-300x200.jpg 300w, https:\/\/khd.hu\/wp-content\/uploads\/2023\/10\/MAFOSZ-Utazas-a-vilag-korul-2011-1-768x511.jpg 768w\" sizes=\"auto, (max-width: 300px) 100vw, 300px\" \/>\n\t\t<div class=\"figc no-description\">\n\t\t\t<div class=\"figc-inner\">\n\t\t\t\t\t\t\t\t\t\t\t\t\t\t\t<\/div>\n\t\t<\/div>\n\n\t<\/div>\n\n<\/div><div class=\"modula-item effect-pufrobo\" >\n\t<div class=\"modula-item-overlay\"><\/div>\n\n\t<div class=\"modula-item-content\">\n\n\t\t<a data-image-id=\"89\" role=\"button\" tabindex=\"0\" rel=\"jtg-80\" data-caption=\"\" aria-label=\"Open image in lightbox\" class=\"tile-inner modula-item-link\"><\/a><img loading=\"lazy\" decoding=\"async\" class=\"pic wp-image-89\"  data-valign=\"middle\" data-halign=\"center\" alt=\"\" data-full=\"https:\/\/khd.hu\/wp-content\/uploads\/2023\/10\/Naptarfoto-2019-1.jpg\" title=\"Napt\u00e1rfot\u00f3 2019\" crop=\"\" width=\"300\" height=\"300\" src=\"https:\/\/khd.hu\/wp-content\/uploads\/2023\/10\/Naptarfoto-2019-1-300x300.jpg\" data-src=\"https:\/\/khd.hu\/wp-content\/uploads\/2023\/10\/Naptarfoto-2019-1-300x300.jpg\" data-caption=\"\" srcset=\"https:\/\/khd.hu\/wp-content\/uploads\/2023\/10\/Naptarfoto-2019-1.jpg 1400w, https:\/\/khd.hu\/wp-content\/uploads\/2023\/10\/Naptarfoto-2019-1-300x300.jpg 300w, https:\/\/khd.hu\/wp-content\/uploads\/2023\/10\/Naptarfoto-2019-1-1024x1024.jpg 1024w, https:\/\/khd.hu\/wp-content\/uploads\/2023\/10\/Naptarfoto-2019-1-150x150.jpg 150w, https:\/\/khd.hu\/wp-content\/uploads\/2023\/10\/Naptarfoto-2019-1-768x768.jpg 768w, https:\/\/khd.hu\/wp-content\/uploads\/2023\/10\/Naptarfoto-2019-1-850x850.jpg 850w\" sizes=\"auto, (max-width: 300px) 100vw, 300px\" \/>\n\t\t<div class=\"figc no-description\">\n\t\t\t<div class=\"figc-inner\">\n\t\t\t\t\t\t\t\t\t\t\t\t\t\t\t<\/div>\n\t\t<\/div>\n\n\t<\/div>\n\n<\/div><div class=\"modula-item effect-pufrobo\" >\n\t<div class=\"modula-item-overlay\"><\/div>\n\n\t<div class=\"modula-item-content\">\n\n\t\t<a data-image-id=\"88\" role=\"button\" tabindex=\"0\" rel=\"jtg-80\" data-caption=\"\" aria-label=\"Open image in lightbox\" class=\"tile-inner modula-item-link\"><\/a><img loading=\"lazy\" decoding=\"async\" class=\"pic wp-image-88\"  data-valign=\"middle\" data-halign=\"center\" alt=\"\" data-full=\"https:\/\/khd.hu\/wp-content\/uploads\/2023\/10\/Moly_konyvjelzp-1.jpg\" title=\"Moly_konyvjelzp\" crop=\"\" width=\"300\" height=\"300\" src=\"https:\/\/khd.hu\/wp-content\/uploads\/2023\/10\/Moly_konyvjelzp-1-300x300.jpg\" data-src=\"https:\/\/khd.hu\/wp-content\/uploads\/2023\/10\/Moly_konyvjelzp-1-300x300.jpg\" data-caption=\"\" srcset=\"https:\/\/khd.hu\/wp-content\/uploads\/2023\/10\/Moly_konyvjelzp-1.jpg 700w, https:\/\/khd.hu\/wp-content\/uploads\/2023\/10\/Moly_konyvjelzp-1-300x300.jpg 300w, https:\/\/khd.hu\/wp-content\/uploads\/2023\/10\/Moly_konyvjelzp-1-150x150.jpg 150w\" sizes=\"auto, (max-width: 300px) 100vw, 300px\" \/>\n\t\t<div class=\"figc no-description\">\n\t\t\t<div class=\"figc-inner\">\n\t\t\t\t\t\t\t\t\t\t\t\t\t\t\t<\/div>\n\t\t<\/div>\n\n\t<\/div>\n\n<\/div><div class=\"modula-item effect-pufrobo\" >\n\t<div class=\"modula-item-overlay\"><\/div>\n\n\t<div class=\"modula-item-content\">\n\n\t\t<a data-image-id=\"92\" role=\"button\" tabindex=\"0\" rel=\"jtg-80\" data-caption=\"\" aria-label=\"Open image in lightbox\" class=\"tile-inner modula-item-link\"><\/a><img loading=\"lazy\" decoding=\"async\" class=\"pic wp-image-92\"  data-valign=\"middle\" data-halign=\"center\" alt=\"\" data-full=\"https:\/\/khd.hu\/wp-content\/uploads\/2023\/10\/ViasatNature_Fogocska-1.jpg\" title=\"ViasatNature_Fogocska\" crop=\"\" width=\"300\" height=\"300\" src=\"https:\/\/khd.hu\/wp-content\/uploads\/2023\/10\/ViasatNature_Fogocska-1-300x300.jpg\" data-src=\"https:\/\/khd.hu\/wp-content\/uploads\/2023\/10\/ViasatNature_Fogocska-1-300x300.jpg\" data-caption=\"\" srcset=\"https:\/\/khd.hu\/wp-content\/uploads\/2023\/10\/ViasatNature_Fogocska-1.jpg 850w, https:\/\/khd.hu\/wp-content\/uploads\/2023\/10\/ViasatNature_Fogocska-1-300x300.jpg 300w, https:\/\/khd.hu\/wp-content\/uploads\/2023\/10\/ViasatNature_Fogocska-1-150x150.jpg 150w, https:\/\/khd.hu\/wp-content\/uploads\/2023\/10\/ViasatNature_Fogocska-1-768x767.jpg 768w\" sizes=\"auto, (max-width: 300px) 100vw, 300px\" \/>\n\t\t<div class=\"figc no-description\">\n\t\t\t<div class=\"figc-inner\">\n\t\t\t\t\t\t\t\t\t\t\t\t\t\t\t<\/div>\n\t\t<\/div>\n\n\t<\/div>\n\n<\/div><div class=\"modula-item effect-pufrobo\" >\n\t<div class=\"modula-item-overlay\"><\/div>\n\n\t<div class=\"modula-item-content\">\n\n\t\t<a data-image-id=\"90\" role=\"button\" tabindex=\"0\" rel=\"jtg-80\" data-caption=\"\" aria-label=\"Open image in lightbox\" class=\"tile-inner modula-item-link\"><\/a><img loading=\"lazy\" decoding=\"async\" class=\"pic wp-image-90\"  data-valign=\"middle\" data-halign=\"center\" alt=\"\" data-full=\"https:\/\/khd.hu\/wp-content\/uploads\/2023\/10\/NewTone_belso-1.jpg\" title=\"NewTone_belso\" crop=\"\" width=\"300\" height=\"210\" src=\"https:\/\/khd.hu\/wp-content\/uploads\/2023\/10\/NewTone_belso-1-300x210.jpg\" data-src=\"https:\/\/khd.hu\/wp-content\/uploads\/2023\/10\/NewTone_belso-1-300x210.jpg\" data-caption=\"\" srcset=\"https:\/\/khd.hu\/wp-content\/uploads\/2023\/10\/NewTone_belso-1.jpg 900w, https:\/\/khd.hu\/wp-content\/uploads\/2023\/10\/NewTone_belso-1-300x210.jpg 300w, https:\/\/khd.hu\/wp-content\/uploads\/2023\/10\/NewTone_belso-1-768x538.jpg 768w, https:\/\/khd.hu\/wp-content\/uploads\/2023\/10\/NewTone_belso-1-850x595.jpg 850w\" sizes=\"auto, (max-width: 300px) 100vw, 300px\" \/>\n\t\t<div class=\"figc no-description\">\n\t\t\t<div class=\"figc-inner\">\n\t\t\t\t\t\t\t\t\t\t\t\t\t\t\t<\/div>\n\t\t<\/div>\n\n\t<\/div>\n\n<\/div><div class=\"modula-item effect-pufrobo\" >\n\t<div class=\"modula-item-overlay\"><\/div>\n\n\t<div class=\"modula-item-content\">\n\n\t\t<a data-image-id=\"91\" role=\"button\" tabindex=\"0\" rel=\"jtg-80\" data-caption=\"\" aria-label=\"Open image in lightbox\" class=\"tile-inner modula-item-link\"><\/a><img loading=\"lazy\" decoding=\"async\" class=\"pic wp-image-91\"  data-valign=\"middle\" data-halign=\"center\" alt=\"\" data-full=\"https:\/\/khd.hu\/wp-content\/uploads\/2023\/10\/NewTone_boritok-1.jpg\" title=\"NewTone_boritok\" crop=\"\" width=\"300\" height=\"209\" src=\"https:\/\/khd.hu\/wp-content\/uploads\/2023\/10\/NewTone_boritok-1-300x209.jpg\" data-src=\"https:\/\/khd.hu\/wp-content\/uploads\/2023\/10\/NewTone_boritok-1-300x209.jpg\" data-caption=\"\" srcset=\"https:\/\/khd.hu\/wp-content\/uploads\/2023\/10\/NewTone_boritok-1.jpg 900w, https:\/\/khd.hu\/wp-content\/uploads\/2023\/10\/NewTone_boritok-1-300x209.jpg 300w, https:\/\/khd.hu\/wp-content\/uploads\/2023\/10\/NewTone_boritok-1-768x535.jpg 768w, https:\/\/khd.hu\/wp-content\/uploads\/2023\/10\/NewTone_boritok-1-850x592.jpg 850w\" sizes=\"auto, (max-width: 300px) 100vw, 300px\" \/>\n\t\t<div class=\"figc no-description\">\n\t\t\t<div class=\"figc-inner\">\n\t\t\t\t\t\t\t\t\t\t\t\t\t\t\t<\/div>\n\t\t<\/div>\n\n\t<\/div>\n\n<\/div><div class=\"modula-item effect-pufrobo\" >\n\t<div class=\"modula-item-overlay\"><\/div>\n\n\t<div class=\"modula-item-content\">\n\n\t\t<a data-image-id=\"81\" role=\"button\" tabindex=\"0\" rel=\"jtg-80\" data-caption=\"\" aria-label=\"Open image in lightbox\" class=\"tile-inner modula-item-link\"><\/a><img loading=\"lazy\" decoding=\"async\" class=\"pic wp-image-81\"  data-valign=\"middle\" data-halign=\"center\" alt=\"\" data-full=\"https:\/\/khd.hu\/wp-content\/uploads\/2023\/10\/FotoVideo-palyazat-1.jpg\" title=\"FotoVideo palyazat\" crop=\"\" width=\"221\" height=\"300\" src=\"https:\/\/khd.hu\/wp-content\/uploads\/2023\/10\/FotoVideo-palyazat-1-221x300.jpg\" data-src=\"https:\/\/khd.hu\/wp-content\/uploads\/2023\/10\/FotoVideo-palyazat-1-221x300.jpg\" data-caption=\"\" srcset=\"https:\/\/khd.hu\/wp-content\/uploads\/2023\/10\/FotoVideo-palyazat-1.jpg 737w, https:\/\/khd.hu\/wp-content\/uploads\/2023\/10\/FotoVideo-palyazat-1-221x300.jpg 221w, https:\/\/khd.hu\/wp-content\/uploads\/2023\/10\/FotoVideo-palyazat-1-300x407.jpg 300w\" sizes=\"auto, (max-width: 221px) 100vw, 221px\" \/>\n\t\t<div class=\"figc no-description\">\n\t\t\t<div class=\"figc-inner\">\n\t\t\t\t\t\t\t\t\t\t\t\t\t\t\t<\/div>\n\t\t<\/div>\n\n\t<\/div>\n\n<\/div>\t\t\n\t<\/div>\n\n\t\n\t\n\t<script type=\"application\/ld+json\">\n\t{\n\t\t\"@context\": \"http:\/\/schema.org\",\n\t\t\"@type\"   : \"ImageGallery\",\n\t\t\"id\"      : \"https:\/\/khd.hu\/?page_id=15\/\",\n\t\t\"url\"     : \"https:\/\/khd.hu\/?page_id=15\/\"\n\t}\n\n\t<\/script>\n\n\t\n<\/div>\n","protected":false},"excerpt":{"rendered":"<p>Nyomtat\u00e1sban Online D\u00edjak Linkek Gal\u00e9ria<\/p>\n","protected":false},"author":1,"featured_media":0,"parent":0,"menu_order":2,"comment_status":"closed","ping_status":"closed","template":"","meta":{"_monsterinsights_skip_tracking":false,"_monsterinsights_sitenote_active":false,"_monsterinsights_sitenote_note":"","_monsterinsights_sitenote_category":0,"footnotes":""},"class_list":["post-15","page","type-page","status-publish","hentry"],"aioseo_notices":[],"_links":{"self":[{"href":"https:\/\/khd.hu\/index.php?rest_route=\/wp\/v2\/pages\/15","targetHints":{"allow":["GET"]}}],"collection":[{"href":"https:\/\/khd.hu\/index.php?rest_route=\/wp\/v2\/pages"}],"about":[{"href":"https:\/\/khd.hu\/index.php?rest_route=\/wp\/v2\/types\/page"}],"author":[{"embeddable":true,"href":"https:\/\/khd.hu\/index.php?rest_route=\/wp\/v2\/users\/1"}],"replies":[{"embeddable":true,"href":"https:\/\/khd.hu\/index.php?rest_route=%2Fwp%2Fv2%2Fcomments&post=15"}],"version-history":[{"count":8,"href":"https:\/\/khd.hu\/index.php?rest_route=\/wp\/v2\/pages\/15\/revisions"}],"predecessor-version":[{"id":144,"href":"https:\/\/khd.hu\/index.php?rest_route=\/wp\/v2\/pages\/15\/revisions\/144"}],"wp:attachment":[{"href":"https:\/\/khd.hu\/index.php?rest_route=%2Fwp%2Fv2%2Fmedia&parent=15"}],"curies":[{"name":"wp","href":"https:\/\/api.w.org\/{rel}","templated":true}]}}